{"id":20,"date":"2020-01-09T19:56:05","date_gmt":"2020-01-09T19:56:05","guid":{"rendered":"http:\/\/www.6341895-1.alojamiento-web.es\/cochesbbb\/?page_id=20"},"modified":"2020-03-03T16:36:35","modified_gmt":"2020-03-03T16:36:35","slug":"compromiso-bbb","status":"publish","type":"page","link":"https:\/\/cochesocasion.racc.es\/coches-ocasion\/compromiso-bbb\/","title":{"rendered":"Compromiso BBB"},"content":{"rendered":"<p>[vc_row type_container=&#8221;header&#8221; el_class=&#8221;page-header&#8221;][vc_column][vc_column_text]<\/p>\n<h1>Compromiso BBB<\/h1>\n<p>Garant\u00eda, calidad, profesionalidad y los mejores precios.[\/vc_column_text][\/vc_column][\/vc_row][vc_row el_class=&#8221;section-split-top-small section-split-bottom-half&#8221;][vc_column][vc_column_text]Con el Compromiso BBB, podr\u00e1s comprar tu veh\u00edculo de ocasi\u00f3n con las m\u00e1ximas garant\u00edas. Todos nuestros veh\u00edculos est\u00e1n revisados y certificados por los mejores profesionales y cuentan con una garant\u00eda de 12 meses. Adem\u00e1s, nuestro equipo de expertos estar\u00e1 siempre a tu disposici\u00f3n para asesorarte, resolver tus dudas y ofrecerte un servicio de atenci\u00f3n de la m\u00e1xima calidad.<\/p>\n<p>Encuentra el veh\u00edculo que est\u00e1s buscando y ven a probarlo. Familiares, deportivos y SUV h\u00edbridos y el\u00e9ctricos, as\u00ed como monovol\u00famenes y utilitarios peque\u00f1os y urbanitas te esperan en nuestros concesionarios. Siempre, con los mejores precios del mercado. Adem\u00e1s, en BBB compramos tu coche usado, te ofrecemos financiaci\u00f3n e incluso gestionamos un seguro a tu medida. \u00bfSe te ocurre una forma m\u00e1s c\u00f3moda y segura de comprar tu veh\u00edculo de ocasi\u00f3n? [\/vc_column_text][\/vc_column][\/vc_row][vc_row equal_height=&#8221;yes&#8221; el_class=&#8221;container-wide mobility-block mobility-inverse&#8221;][vc_column width=&#8221;1\/2&#8243;][vc_column_text el_class=&#8221;text-left-large&#8221;]<\/p>\n<h3>Garant\u00eda<\/h3>\n<p>En BBB, te garantizamos todas las reparaciones de piezas de tu veh\u00edculo de segunda mano durante 12 meses, siempre que su deterioro no se deban a un uso inadecuado del veh\u00edculo o al incumplimiento de las revisiones estipuladas.[\/vc_column_text][\/vc_column][vc_column width=&#8221;1\/2&#8243;][vc_single_image image=&#8221;905&#8243; img_size=&#8221;full&#8221; alignment=&#8221;center&#8221;][\/vc_column][\/vc_row][vc_row equal_height=&#8221;yes&#8221; el_class=&#8221;container-wide mobility-block&#8221;][vc_column width=&#8221;1\/2&#8243;][vc_single_image image=&#8221;567&#8243; img_size=&#8221;full&#8221; alignment=&#8221;center&#8221;][\/vc_column][vc_column width=&#8221;1\/2&#8243;][vc_column_text el_class=&#8221;text-left-large&#8221;]<\/p>\n<h3>Revisi\u00f3n certificada<\/h3>\n<p>Todos los veh\u00edculos de ocasi\u00f3n BBB han sido revisados al detalle para garantizar que su funcionamiento es \u00f3ptimo. Adem\u00e1s, contamos con veh\u00edculos garantizados por las propias marcas a trav\u00e9s de sus programas de certificaci\u00f3n oficial.[\/vc_column_text][\/vc_column][\/vc_row][vc_row equal_height=&#8221;yes&#8221; el_class=&#8221;container-wide mobility-block mobility-inverse&#8221;][vc_column width=&#8221;1\/2&#8243;][vc_column_text el_class=&#8221;text-left-large&#8221;]<\/p>\n<h3>Oferta de financiaci\u00f3n<\/h3>\n<p>Con BBB, conseguir la financiaci\u00f3n que necesitas para comprar tu veh\u00edculo de ocasi\u00f3n te resultar\u00e1 c\u00f3modo y sencillo. Te facilitamos las mejores condiciones, con o sin entrada, y al tipo de inter\u00e9s m\u00e1s competitivo.[\/vc_column_text][\/vc_column][vc_column width=&#8221;1\/2&#8243;][vc_single_image image=&#8221;903&#8243; img_size=&#8221;full&#8221; alignment=&#8221;center&#8221;][\/vc_column][\/vc_row][vc_row equal_height=&#8221;yes&#8221; el_class=&#8221;container-wide mobility-block&#8221;][vc_column width=&#8221;1\/2&#8243;][vc_single_image image=&#8221;904&#8243; img_size=&#8221;full&#8221; alignment=&#8221;center&#8221;][\/vc_column][vc_column width=&#8221;1\/2&#8243;][vc_column_text el_class=&#8221;text-left-large&#8221;]<\/p>\n<h3>Prueba de conducci\u00f3n<\/h3>\n<p>La mejor manera de saber si un veh\u00edculo es para ti es sentarte al volante y conducirlo. Por eso, todos los veh\u00edculos de ocasi\u00f3n de los concesionarios BBB est\u00e1n a tu disposici\u00f3n para que los pongas a prueba cuando tu quieras.[\/vc_column_text][\/vc_column][\/vc_row][vc_row equal_height=&#8221;yes&#8221; el_class=&#8221;container-wide mobility-block mobility-inverse&#8221;][vc_column width=&#8221;1\/2&#8243;][vc_column_text el_class=&#8221;text-left-large&#8221;]<\/p>\n<h3>Compramos tu veh\u00edculo<\/h3>\n<p>Vende tu coche y ahorra en la compra de tu veh\u00edculo de ocasi\u00f3n. En BBB, compramos tu coche usado y te hacemos la mejor oferta a precio de mercado. As\u00ed, t\u00fa puedes centrarte en lo importante: elegir tu veh\u00edculo de segunda mano.[\/vc_column_text][\/vc_column][vc_column width=&#8221;1\/2&#8243;][vc_single_image image=&#8221;514&#8243; img_size=&#8221;full&#8221; alignment=&#8221;center&#8221;][\/vc_column][\/vc_row][vc_row equal_height=&#8221;yes&#8221; el_class=&#8221;container-wide mobility-block mobility-last&#8221;][vc_column width=&#8221;1\/2&#8243;][vc_single_image image=&#8221;512&#8243; img_size=&#8221;full&#8221; alignment=&#8221;center&#8221;][\/vc_column][vc_column width=&#8221;1\/2&#8243;][vc_column_text el_class=&#8221;text-left-large&#8221;]<\/p>\n<h3>Seguros a tu medida<\/h3>\n<p>Ahorra tiempo y dinero contratando el seguro de tu veh\u00edculo de ocasi\u00f3n. En BBB, contamos con corredur\u00eda de seguros propia que pondr\u00e1 a tu disposici\u00f3n el mejor seguro adaptado a tus necesidades espec\u00edficas.[\/vc_column_text][\/vc_column][\/vc_row][vc_row el_class=&#8221;section-split-top-small section-split-bottom-half&#8221;][vc_column][ma_buttons text=&#8221;ENCONTRAR MI VEH\u00cdCULO DE OCASI\u00d3N&#8221; type=&#8221;button-secondary&#8221; align=&#8221;button-center&#8221; link=&#8221;https:\/\/www.cochesbbb.com\/vehiculos-de-ocasion\/&#8221;][\/vc_column][\/vc_row]<\/p>\n","protected":false},"excerpt":{"rendered":"<p>[vc_row type_container=&#8221;header&#8221; el_class=&#8221;page-header&#8221;][vc_column][vc_column_text] Compromiso BBB Garant\u00eda, calidad, profesionalidad y los mejores precios.[\/vc_column_text][\/vc_column][\/vc_row][vc_row el_class=&#8221;section-split-top-small section-split-bottom-half&#8221;][vc_column][vc_column_text]Con el Compromiso BBB, podr\u00e1s comprar tu veh\u00edculo de ocasi\u00f3n con las m\u00e1ximas garant\u00edas. Todos nuestros veh\u00edculos est\u00e1n revisados y certificados por los mejores profesionales y cuentan con una garant\u00eda de 12 meses. Adem\u00e1s, nuestro equipo de expertos estar\u00e1 siempre a tu [&hellip;]<\/p>\n","protected":false},"author":1,"featured_media":0,"parent":0,"menu_order":0,"comment_status":"closed","ping_status":"closed","template":"","meta":{"_acf_changed":false,"inline_featured_image":false,"footnotes":""},"class_list":["post-20","page","type-page","status-publish","hentry"],"acf":[],"yoast_head":"<title>Compromiso BBB - RACC - Coches de ocasi\u00f3n<\/title>\n<meta name=\"robots\" content=\"index, follow, max-snippet:-1, max-image-preview:large, max-video-preview:-1\" \/>\n<link rel=\"canonical\" href=\"https:\/\/cochesocasion.racc.es\/coches-ocasion\/compromiso-bbb\/\" \/>\n<meta property=\"og:locale\" content=\"en_US\" \/>\n<meta property=\"og:type\" content=\"article\" \/>\n<meta property=\"og:title\" content=\"Compromiso BBB - RACC - Coches de ocasi\u00f3n\" \/>\n<meta property=\"og:description\" content=\"[vc_row type_container=&#8221;header&#8221; el_class=&#8221;page-header&#8221;][vc_column][vc_column_text] Compromiso BBB Garant\u00eda, calidad, profesionalidad y los mejores precios.[\/vc_column_text][\/vc_column][\/vc_row][vc_row el_class=&#8221;section-split-top-small section-split-bottom-half&#8221;][vc_column][vc_column_text]Con el Compromiso BBB, podr\u00e1s comprar tu veh\u00edculo de ocasi\u00f3n con las m\u00e1ximas garant\u00edas. Todos nuestros veh\u00edculos est\u00e1n revisados y certificados por los mejores profesionales y cuentan con una garant\u00eda de 12 meses. Adem\u00e1s, nuestro equipo de expertos estar\u00e1 siempre a tu [&hellip;]\" \/>\n<meta property=\"og:url\" content=\"https:\/\/cochesocasion.racc.es\/coches-ocasion\/compromiso-bbb\/\" \/>\n<meta property=\"og:site_name\" content=\"RACC - Coches de ocasi\u00f3n\" \/>\n<meta property=\"article:modified_time\" content=\"2020-03-03T16:36:35+00:00\" \/>\n<meta name=\"twitter:card\" content=\"summary_large_image\" \/>\n<meta name=\"twitter:label1\" content=\"Est. reading time\" \/>\n\t<meta name=\"twitter:data1\" content=\"4 minutes\" \/>\n<script type=\"application\/ld+json\" class=\"yoast-schema-graph\">{\"@context\":\"https:\/\/schema.org\",\"@graph\":[{\"@type\":\"WebPage\",\"@id\":\"https:\/\/cochesocasion.racc.es\/coches-ocasion\/compromiso-bbb\/\",\"url\":\"https:\/\/cochesocasion.racc.es\/coches-ocasion\/compromiso-bbb\/\",\"name\":\"Compromiso BBB - RACC - Coches de ocasi\u00f3n\",\"isPartOf\":{\"@id\":\"https:\/\/cochesocasion.racc.es\/coches-ocasion\/#website\"},\"datePublished\":\"2020-01-09T19:56:05+00:00\",\"dateModified\":\"2020-03-03T16:36:35+00:00\",\"breadcrumb\":{\"@id\":\"https:\/\/cochesocasion.racc.es\/coches-ocasion\/compromiso-bbb\/#breadcrumb\"},\"inLanguage\":\"en-US\",\"potentialAction\":[{\"@type\":\"ReadAction\",\"target\":[\"https:\/\/cochesocasion.racc.es\/coches-ocasion\/compromiso-bbb\/\"]}]},{\"@type\":\"BreadcrumbList\",\"@id\":\"https:\/\/cochesocasion.racc.es\/coches-ocasion\/compromiso-bbb\/#breadcrumb\",\"itemListElement\":[{\"@type\":\"ListItem\",\"position\":1,\"name\":\"Home\",\"item\":\"https:\/\/cochesocasion.racc.es\/coches-ocasion\/\"},{\"@type\":\"ListItem\",\"position\":2,\"name\":\"Compromiso BBB\"}]},{\"@type\":\"WebSite\",\"@id\":\"https:\/\/cochesocasion.racc.es\/coches-ocasion\/#website\",\"url\":\"https:\/\/cochesocasion.racc.es\/coches-ocasion\/\",\"name\":\"RACC - Coches de ocasi\u00f3n\",\"description\":\"Veh\u00edculos de ocasi\u00f3n\",\"potentialAction\":[{\"@type\":\"SearchAction\",\"target\":{\"@type\":\"EntryPoint\",\"urlTemplate\":\"https:\/\/cochesocasion.racc.es\/coches-ocasion\/?s={search_term_string}\"},\"query-input\":{\"@type\":\"PropertyValueSpecification\",\"valueRequired\":true,\"valueName\":\"search_term_string\"}}],\"inLanguage\":\"en-US\"}]}<\/script>","yoast_head_json":{"title":"Compromiso BBB - RACC - Coches de ocasi\u00f3n","robots":{"index":"index","follow":"follow","max-snippet":"max-snippet:-1","max-image-preview":"max-image-preview:large","max-video-preview":"max-video-preview:-1"},"canonical":"https:\/\/cochesocasion.racc.es\/coches-ocasion\/compromiso-bbb\/","og_locale":"en_US","og_type":"article","og_title":"Compromiso BBB - RACC - Coches de ocasi\u00f3n","og_description":"[vc_row type_container=&#8221;header&#8221; el_class=&#8221;page-header&#8221;][vc_column][vc_column_text] Compromiso BBB Garant\u00eda, calidad, profesionalidad y los mejores precios.[\/vc_column_text][\/vc_column][\/vc_row][vc_row el_class=&#8221;section-split-top-small section-split-bottom-half&#8221;][vc_column][vc_column_text]Con el Compromiso BBB, podr\u00e1s comprar tu veh\u00edculo de ocasi\u00f3n con las m\u00e1ximas garant\u00edas. Todos nuestros veh\u00edculos est\u00e1n revisados y certificados por los mejores profesionales y cuentan con una garant\u00eda de 12 meses. Adem\u00e1s, nuestro equipo de expertos estar\u00e1 siempre a tu [&hellip;]","og_url":"https:\/\/cochesocasion.racc.es\/coches-ocasion\/compromiso-bbb\/","og_site_name":"RACC - Coches de ocasi\u00f3n","article_modified_time":"2020-03-03T16:36:35+00:00","twitter_card":"summary_large_image","twitter_misc":{"Est. reading time":"4 minutes"},"schema":{"@context":"https:\/\/schema.org","@graph":[{"@type":"WebPage","@id":"https:\/\/cochesocasion.racc.es\/coches-ocasion\/compromiso-bbb\/","url":"https:\/\/cochesocasion.racc.es\/coches-ocasion\/compromiso-bbb\/","name":"Compromiso BBB - RACC - Coches de ocasi\u00f3n","isPartOf":{"@id":"https:\/\/cochesocasion.racc.es\/coches-ocasion\/#website"},"datePublished":"2020-01-09T19:56:05+00:00","dateModified":"2020-03-03T16:36:35+00:00","breadcrumb":{"@id":"https:\/\/cochesocasion.racc.es\/coches-ocasion\/compromiso-bbb\/#breadcrumb"},"inLanguage":"en-US","potentialAction":[{"@type":"ReadAction","target":["https:\/\/cochesocasion.racc.es\/coches-ocasion\/compromiso-bbb\/"]}]},{"@type":"BreadcrumbList","@id":"https:\/\/cochesocasion.racc.es\/coches-ocasion\/compromiso-bbb\/#breadcrumb","itemListElement":[{"@type":"ListItem","position":1,"name":"Home","item":"https:\/\/cochesocasion.racc.es\/coches-ocasion\/"},{"@type":"ListItem","position":2,"name":"Compromiso BBB"}]},{"@type":"WebSite","@id":"https:\/\/cochesocasion.racc.es\/coches-ocasion\/#website","url":"https:\/\/cochesocasion.racc.es\/coches-ocasion\/","name":"RACC - Coches de ocasi\u00f3n","description":"Veh\u00edculos de ocasi\u00f3n","potentialAction":[{"@type":"SearchAction","target":{"@type":"EntryPoint","urlTemplate":"https:\/\/cochesocasion.racc.es\/coches-ocasion\/?s={search_term_string}"},"query-input":{"@type":"PropertyValueSpecification","valueRequired":true,"valueName":"search_term_string"}}],"inLanguage":"en-US"}]}},"_links":{"self":[{"href":"https:\/\/cochesocasion.racc.es\/coches-ocasion\/wp-json\/wp\/v2\/pages\/20","targetHints":{"allow":["GET"]}}],"collection":[{"href":"https:\/\/cochesocasion.racc.es\/coches-ocasion\/wp-json\/wp\/v2\/pages"}],"about":[{"href":"https:\/\/cochesocasion.racc.es\/coches-ocasion\/wp-json\/wp\/v2\/types\/page"}],"author":[{"embeddable":true,"href":"https:\/\/cochesocasion.racc.es\/coches-ocasion\/wp-json\/wp\/v2\/users\/1"}],"replies":[{"embeddable":true,"href":"https:\/\/cochesocasion.racc.es\/coches-ocasion\/wp-json\/wp\/v2\/comments?post=20"}],"version-history":[{"count":0,"href":"https:\/\/cochesocasion.racc.es\/coches-ocasion\/wp-json\/wp\/v2\/pages\/20\/revisions"}],"wp:attachment":[{"href":"https:\/\/cochesocasion.racc.es\/coches-ocasion\/wp-json\/wp\/v2\/media?parent=20"}],"curies":[{"name":"wp","href":"https:\/\/api.w.org\/{rel}","templated":true}]}}